{"id":667,"date":"2026-04-02T18:31:41","date_gmt":"2026-04-02T16:31:41","guid":{"rendered":"https:\/\/compagniacastello.it\/?page_id=667"},"modified":"2026-04-03T15:49:21","modified_gmt":"2026-04-03T13:49:21","slug":"rievocazione-storica-eventi-lazio","status":"publish","type":"page","link":"https:\/\/compagniacastello.it\/index.php\/rievocazione-storica-eventi-lazio\/","title":{"rendered":"Servizi per Eventi"},"content":{"rendered":"\t\t<div data-elementor-type=\"wp-page\" data-elementor-id=\"667\" class=\"elementor elementor-667\">\n\t\t\t\t<div class=\"elementor-element elementor-element-d0fea6f e-flex e-con-boxed e-con e-parent\" data-id=\"d0fea6f\" data-element_type=\"container\" data-e-type=\"container\" data-settings=\"{&quot;background_background&quot;:&quot;classic&quot;}\">\n\t\t\t\t\t<div class=\"e-con-inner\">\n\t\t\t\t<div class=\"elementor-element elementor-element-2e481ca elementor-widget elementor-widget-heading\" data-id=\"2e481ca\" data-element_type=\"widget\" data-e-type=\"widget\" id=\"hero-section\" data-widget_type=\"heading.default\">\n\t\t\t\t\t<h1 class=\"elementor-heading-title elementor-size-default\">Portiamo il Medioevo al tuo evento<\/h1>\t\t\t\t<\/div>\n\t\t\t\t<div class=\"elementor-element elementor-element-2ee63c6 elementor-widget elementor-widget-heading\" data-id=\"2ee63c6\" data-element_type=\"widget\" data-e-type=\"widget\" data-widget_type=\"heading.default\">\n\t\t\t\t\t<p class=\"elementor-heading-title elementor-size-default\">La Compagnia del Castello porta la rievocazione storica medievale agli eventi del Lazio e di tutta Italia: dalle fiere e sagre agli eventi comunali, dalle celebrazioni a tema alle feste patronali. Attivi dal 2009, offriamo accampamento medievale, arcieri, figure in costume e artigianato d'epoca.<\/p>\t\t\t\t<\/div>\n\t\t\t\t<div class=\"elementor-element elementor-element-5ac922a elementor-widget elementor-widget-heading\" data-id=\"5ac922a\" data-element_type=\"widget\" data-e-type=\"widget\" id=\"hero-button\" data-widget_type=\"heading.default\">\n\t\t\t\t\t<p class=\"elementor-heading-title elementor-size-default\"><a href=\"#contatto-section\">richiedi informazioni<\/a><\/p>\t\t\t\t<\/div>\n\t\t\t\t\t<\/div>\n\t\t\t\t<\/div>\n\t\t<div class=\"elementor-element elementor-element-f0f7809 e-flex e-con-boxed e-con e-parent\" data-id=\"f0f7809\" data-element_type=\"container\" data-e-type=\"container\" id=\"servizi-section\" data-settings=\"{&quot;background_background&quot;:&quot;classic&quot;}\">\n\t\t\t\t\t<div class=\"e-con-inner\">\n\t\t\t\t<div class=\"elementor-element elementor-element-d40b43a elementor-widget elementor-widget-heading\" data-id=\"d40b43a\" data-element_type=\"widget\" data-e-type=\"widget\" id=\"servizi-section\" data-widget_type=\"heading.default\">\n\t\t\t\t\t<h2 class=\"elementor-heading-title elementor-size-default\">Servizi di rievocazione storica per eventi nel Lazio<\/h2>\t\t\t\t<\/div>\n\t\t\t\t<div class=\"elementor-element elementor-element-3f8532b elementor-widget elementor-widget-heading\" data-id=\"3f8532b\" data-element_type=\"widget\" data-e-type=\"widget\" data-widget_type=\"heading.default\">\n\t\t\t\t\t<p class=\"elementor-heading-title elementor-size-default\">Ogni evento \u00e8 diverso. Per questo offriamo soluzioni modulari: puoi scegliere un singolo servizio o costruire un programma completo su misura.<\/p>\t\t\t\t<\/div>\n\t\t\t\t\t<\/div>\n\t\t\t\t<\/div>\n\t\t<div class=\"elementor-element elementor-element-e5deba8 e-grid e-con-boxed e-con e-parent\" data-id=\"e5deba8\" data-element_type=\"container\" data-e-type=\"container\">\n\t\t\t\t\t<div class=\"e-con-inner\">\n\t\t\t\t<div class=\"elementor-element elementor-element-22c8904 elementor-widget elementor-widget-html\" data-id=\"22c8904\" data-element_type=\"widget\" data-e-type=\"widget\" data-widget_type=\"html.default\">\n\t\t\t\t\t<div class=\"servizio-box\">\r\n    <h3>Accampamento medievale<\/h3>\r\n    <p>Allestimento completo con tende, arredi e oggetti d'epoca. Crea un'atmosfera immersiva che cattura l'attenzione del pubblico e arricchisce qualsiasi spazio all'aperto.<\/p>\r\n<\/div>\t\t\t\t<\/div>\n\t\t\t\t<div class=\"elementor-element elementor-element-35870c4 elementor-widget elementor-widget-html\" data-id=\"35870c4\" data-element_type=\"widget\" data-e-type=\"widget\" data-widget_type=\"html.default\">\n\t\t\t\t\t<div class=\"servizio-box\">\r\n    <h3>Arcieri storici<\/h3>\r\n    <p>Dimostrazioni di tiro con l'arco tradizionale con archi storicamente fedeli. Spettacolo adatto a tutti i pubblici, coinvolgente e sicuro.<\/p>\r\n<\/div>\t\t\t\t<\/div>\n\t\t\t\t<div class=\"elementor-element elementor-element-4205397 elementor-widget elementor-widget-html\" data-id=\"4205397\" data-element_type=\"widget\" data-e-type=\"widget\" data-widget_type=\"html.default\">\n\t\t\t\t\t<div class=\"servizio-box\">\r\n    <h3>Figure in costume<\/h3>\r\n    <p>Presenze sceniche in abiti medievali ricostruiti con cura filologica. Ideali per accoglienza, sfilate, fotografie con il pubblico e animazione.<\/p>\r\n<\/div>\t\t\t\t<\/div>\n\t\t\t\t<div class=\"elementor-element elementor-element-e143715 elementor-widget elementor-widget-html\" data-id=\"e143715\" data-element_type=\"widget\" data-e-type=\"widget\" data-widget_type=\"html.default\">\n\t\t\t\t\t<div class=\"servizio-box\">\r\n    <h3>Artigianato e didattica<\/h3>\r\n    <p>Postazioni dimostrative di mestieri medievali. <\/p>\r\n<\/div>\t\t\t\t<\/div>\n\t\t\t\t\t<\/div>\n\t\t\t\t<\/div>\n\t\t\t\t<div class=\"elementor-element elementor-element-3f9bf9c e-con e-atomic-element e-flexbox-base e-3f9bf9c-a52d722\" data-id=\"3f9bf9c\" data-element_type=\"e-flexbox\" data-e-type=\"e-flexbox\" data-interaction-id=\"3f9bf9c\" id=\"perchi-section\">\n\t\t\t\t<div class=\"elementor-element elementor-element-5595cc4 elementor-widget elementor-widget-html\" data-id=\"5595cc4\" data-element_type=\"widget\" data-e-type=\"widget\" data-widget_type=\"html.default\">\n\t\t\t\t\t<div class=\"perchi-box\">\r\n    <h2>A chi si rivolge il servizio<\/h2>\r\n    <p>Lavoriamo con amministrazioni comunali, proloco, organizzatori privati, agenzie eventi e istituti scolastici. Se stai pianificando una fiera medievale, una festa patronale, un evento culturale o una celebrazione a tema storico, siamo il partner giusto.<\/p>\r\n    <ul>\r\n        <li>Fiere e mercati medievali<\/li>\r\n        <li>Eventi comunali e proloco<\/li>\r\n        <li>Sagre e feste patronali<\/li>\r\n        <li>Matrimoni e celebrazioni private a tema<\/li>\r\n        <li>Uscite didattiche e progetti scolastici<\/li>\r\n        <li>Festival culturali e rievocazioni storiche<\/li>\r\n    <\/ul>\r\n<\/div>\t\t\t\t<\/div>\n\t\t\t\t<\/div>\n\t\t<div class=\"elementor-element elementor-element-5ddf867 e-grid e-con-boxed e-con e-parent\" data-id=\"5ddf867\" data-element_type=\"container\" data-e-type=\"container\">\n\t\t\t\t\t<div class=\"e-con-inner\">\n\t\t\t\t<div class=\"elementor-element elementor-element-bcd3b3c elementor-widget elementor-widget-heading\" data-id=\"bcd3b3c\" data-element_type=\"widget\" data-e-type=\"widget\" data-widget_type=\"heading.default\">\n\t\t\t\t\t<h2 class=\"elementor-heading-title elementor-size-default\">Raccontaci il tuo evento<\/h2>\t\t\t\t<\/div>\n\t\t\t\t<div class=\"elementor-element elementor-element-1f4191a elementor-widget elementor-widget-heading\" data-id=\"1f4191a\" data-element_type=\"widget\" data-e-type=\"widget\" data-widget_type=\"heading.default\">\n\t\t\t\t\t<p class=\"elementor-heading-title elementor-size-default\">Ogni progetto di rievocazione storica per eventi nel Lazio e in tutta Italia \u00e8 costruito su misura. Contattaci per raccontarci la tua iniziativa: valutiamo insieme il programma pi\u00f9 adatto, i tempi di allestimento e i costi. Pi\u00f9 dettagli ci fornisci, pi\u00f9 il preventivo sar\u00e0 preciso e puntuale.<\/p>\t\t\t\t<\/div>\n\t\t\t\t<div class=\"elementor-element elementor-element-7b81471 elementor-widget elementor-widget-shortcode\" data-id=\"7b81471\" data-element_type=\"widget\" data-e-type=\"widget\" id=\"contatto-section\" data-widget_type=\"shortcode.default\">\n\t\t\t\t\t\t\t<div class=\"elementor-shortcode\">\n<div class=\"wpcf7 no-js\" id=\"wpcf7-f656-o1\" lang=\"it-IT\" dir=\"ltr\" data-wpcf7-id=\"656\">\n<div class=\"screen-reader-response\"><p role=\"status\" aria-live=\"polite\" aria-atomic=\"true\"><\/p> <ul><\/ul><\/div>\n<form action=\"\/index.php\/wp-json\/wp\/v2\/pages\/667#wpcf7-f656-o1\" method=\"post\" class=\"wpcf7-form init\" aria-label=\"Modulo di contatto\" novalidate=\"novalidate\" data-status=\"init\">\n<fieldset class=\"hidden-fields-container\"><input type=\"hidden\" name=\"_wpcf7\" value=\"656\" \/><input type=\"hidden\" name=\"_wpcf7_version\" value=\"6.1.5\" \/><input type=\"hidden\" name=\"_wpcf7_locale\" value=\"it_IT\" \/><input type=\"hidden\" name=\"_wpcf7_unit_tag\" value=\"wpcf7-f656-o1\" \/><input type=\"hidden\" name=\"_wpcf7_container_post\" value=\"0\" \/><input type=\"hidden\" name=\"_wpcf7_posted_data_hash\" value=\"\" \/><input type=\"hidden\" name=\"_wpcf7_recaptcha_response\" value=\"\" \/>\n<\/fieldset>\n<div class=\"campo-form\">\n\t<p><label>Nome e cognome *<br \/>\n<span class=\"wpcf7-form-control-wrap\" data-name=\"nome\"><input size=\"40\" maxlength=\"400\" class=\"wpcf7-form-control wpcf7-text wpcf7-validates-as-required\" aria-required=\"true\" aria-invalid=\"false\" placeholder=\"Es. Mario Rossi\" value=\"\" type=\"text\" name=\"nome\" \/><\/span><\/label>\n\t<\/p>\n<\/div>\n<div class=\"campo-form\">\n\t<p><label>Email *<br \/>\n<span class=\"wpcf7-form-control-wrap\" data-name=\"email\"><input size=\"40\" maxlength=\"400\" class=\"wpcf7-form-control wpcf7-email wpcf7-validates-as-required wpcf7-text wpcf7-validates-as-email\" aria-required=\"true\" aria-invalid=\"false\" placeholder=\"la-tua@email.it\" value=\"\" type=\"email\" name=\"email\" \/><\/span><\/label>\n\t<\/p>\n<\/div>\n<div class=\"campo-form\">\n\t<p><label>Telefono<br \/>\n<span class=\"wpcf7-form-control-wrap\" data-name=\"telefono\"><input size=\"40\" maxlength=\"400\" class=\"wpcf7-form-control wpcf7-tel wpcf7-text wpcf7-validates-as-tel\" aria-invalid=\"false\" placeholder=\"+39 333 1234567\" value=\"\" type=\"tel\" name=\"telefono\" \/><\/span><\/label>\n\t<\/p>\n<\/div>\n<div class=\"campo-form\">\n\t<p><label>Tipo di evento *<br \/>\n<span class=\"wpcf7-form-control-wrap\" data-name=\"tipo-evento\"><select class=\"wpcf7-form-control wpcf7-select wpcf7-validates-as-required\" aria-required=\"true\" aria-invalid=\"false\" name=\"tipo-evento\"><option value=\"Fiera medievale\">Fiera medievale<\/option><option value=\"Evento comunale\">Evento comunale<\/option><option value=\"Sagra\">Sagra<\/option><option value=\"Matrimonio a tema\">Matrimonio a tema<\/option><option value=\"Evento scolastico\">Evento scolastico<\/option><option value=\"Altro\">Altro<\/option><\/select><\/span><\/label>\n\t<\/p>\n<\/div>\n<div class=\"campo-form\">\n\t<p><label>Data prevista dell'evento<br \/>\n<span class=\"wpcf7-form-control-wrap\" data-name=\"data-evento\"><input class=\"wpcf7-form-control wpcf7-date wpcf7-validates-as-date\" aria-invalid=\"false\" value=\"\" type=\"date\" name=\"data-evento\" \/><\/span><\/label>\n\t<\/p>\n<\/div>\n<div class=\"campo-form\">\n\t<p><label>Citta e luogo dell'evento<br \/>\n<span class=\"wpcf7-form-control-wrap\" data-name=\"luogo\"><input size=\"40\" maxlength=\"400\" class=\"wpcf7-form-control wpcf7-text\" aria-invalid=\"false\" placeholder=\"Es. Bracciano, Roma...\" value=\"\" type=\"text\" name=\"luogo\" \/><\/span><\/label>\n\t<\/p>\n<\/div>\n<div class=\"campo-form\">\n\t<p><label>Messaggio<br \/>\n<span class=\"wpcf7-form-control-wrap\" data-name=\"messaggio\"><textarea cols=\"40\" rows=\"10\" maxlength=\"2000\" class=\"wpcf7-form-control wpcf7-textarea\" aria-invalid=\"false\" placeholder=\"Descrivi brevemente l&#039;evento e cosa cerchi\" name=\"messaggio\"><\/textarea><\/span><\/label>\n\t<\/p>\n<\/div>\n<p><input class=\"wpcf7-form-control wpcf7-submit has-spinner\" type=\"submit\" value=\"Invia la richiesta\" \/>\n<\/p><div class=\"wpcf7-response-output\" aria-hidden=\"true\"><\/div>\n<\/form>\n<\/div>\n<\/div>\n\t\t\t\t\t\t<\/div>\n\t\t\t\t<div class=\"elementor-element elementor-element-f15fb00 elementor-widget elementor-widget-text-editor\" data-id=\"f15fb00\" data-element_type=\"widget\" data-e-type=\"widget\" data-widget_type=\"text-editor.default\">\n\t\t\t\t\t\t\t\t\t<p style=\"text-align: center;\">Per saperne di pi\u00f9 sulla nostra storia visita la pagina<\/p><p style=\"text-align: center;\"><a href=\"https:\/\/compagniacastello.it\/index.php\/chi-siamo\/\">Chi Siamo<\/a><\/p><p style=\"text-align: center;\">Sei curioso? dai uno sguardo a<\/p><p style=\"text-align: center;\"><a href=\"https:\/\/compagniacastello.it\/index.php\/arciere-medievale-in-italia\/\">L&#8217;arciere medievale in italia<\/a><\/p><p style=\"text-align: center;\"><a href=\"https:\/\/compagniacastello.it\/index.php\/vita-nel-medioevo\/\">La vita nel Medioevo<\/a><\/p><p>\u00a0<\/p>\t\t\t\t\t\t\t\t<\/div>\n\t\t\t\t\t<\/div>\n\t\t\t\t<\/div>\n\t\t\t\t<\/div>\n\t\t","protected":false},"excerpt":{"rendered":"<p>Portiamo il Medioevo al tuo evento La Compagnia del Castello porta la rievocazione storica medievale agli eventi del Lazio e [&hellip;]<\/p>\n","protected":false},"author":1,"featured_media":0,"parent":0,"menu_order":0,"comment_status":"closed","ping_status":"closed","template":"","meta":{"site-sidebar-layout":"no-sidebar","site-content-layout":"","ast-site-content-layout":"full-width-container","site-content-style":"default","site-sidebar-style":"default","ast-global-header-display":"","ast-banner-title-visibility":"","ast-main-header-display":"","ast-hfb-above-header-display":"","ast-hfb-below-header-display":"","ast-hfb-mobile-header-display":"","site-post-title":"disabled","ast-breadcrumbs-content":"","ast-featured-img":"disabled","footer-sml-layout":"","ast-disable-related-posts":"","theme-transparent-header-meta":"","adv-header-id-meta":"","stick-header-meta":"","header-above-stick-meta":"","header-main-stick-meta":"","header-below-stick-meta":"","astra-migrate-meta-layouts":"default","ast-page-background-enabled":"default","ast-page-background-meta":{"desktop":{"background-color":"var(--ast-global-color-5)","background-image":"","background-repeat":"repeat","background-position":"center center","background-size":"auto","background-attachment":"scroll","background-type":"","background-media":"","overlay-type":"","overlay-color":"","overlay-opacity":"","overlay-gradient":""},"tablet":{"background-color":"","background-image":"","background-repeat":"repeat","background-position":"center center","background-size":"auto","background-attachment":"scroll","background-type":"","background-media":"","overlay-type":"","overlay-color":"","overlay-opacity":"","overlay-gradient":""},"mobile":{"background-color":"","background-image":"","background-repeat":"repeat","background-position":"center center","background-size":"auto","background-attachment":"scroll","background-type":"","background-media":"","overlay-type":"","overlay-color":"","overlay-opacity":"","overlay-gradient":""}},"ast-content-background-meta":{"desktop":{"background-color":"var(--ast-global-color-4)","background-image":"","background-repeat":"repeat","background-position":"center center","background-size":"auto","background-attachment":"scroll","background-type":"","background-media":"","overlay-type":"","overlay-color":"","overlay-opacity":"","overlay-gradient":""},"tablet":{"background-color":"var(--ast-global-color-4)","background-image":"","background-repeat":"repeat","background-position":"center center","background-size":"auto","background-attachment":"scroll","background-type":"","background-media":"","overlay-type":"","overlay-color":"","overlay-opacity":"","overlay-gradient":""},"mobile":{"background-color":"var(--ast-global-color-4)","background-image":"","background-repeat":"repeat","background-position":"center center","background-size":"auto","background-attachment":"scroll","background-type":"","background-media":"","overlay-type":"","overlay-color":"","overlay-opacity":"","overlay-gradient":""}},"footnotes":""},"class_list":["post-667","page","type-page","status-publish","hentry"],"yoast_head":"<!-- This site is optimized with the Yoast SEO plugin v27.3 - https:\/\/yoast.com\/product\/yoast-seo-wordpress\/ -->\n<title>Rievocazione Storica per Eventi nel Lazio | Compagnia del Castello<\/title>\n<meta name=\"description\" content=\"Rievocazione storica eventi Lazio: accampamento medievale, arcieri e figure in costume per fiere, sagre e comuni. Richiedi un preventivo.\" \/>\n<meta name=\"robots\" content=\"index, follow, max-snippet:-1, max-image-preview:large, max-video-preview:-1\" \/>\n<link rel=\"canonical\" href=\"https:\/\/compagniacastello.it\/index.php\/rievocazione-storica-eventi-lazio\/\" \/>\n<meta property=\"og:locale\" content=\"it_IT\" \/>\n<meta property=\"og:type\" content=\"article\" \/>\n<meta property=\"og:title\" content=\"Rievocazione Storica per Eventi nel Lazio | Compagnia del Castello\" \/>\n<meta property=\"og:description\" content=\"Rievocazione storica eventi Lazio: accampamento medievale, arcieri e figure in costume per fiere, sagre e comuni. Richiedi un preventivo.\" \/>\n<meta property=\"og:url\" content=\"https:\/\/compagniacastello.it\/index.php\/rievocazione-storica-eventi-lazio\/\" \/>\n<meta property=\"og:site_name\" content=\"La Compagnia del Castello - Rievocazione Storica Medievale\" \/>\n<meta property=\"article:publisher\" content=\"https:\/\/www.facebook.com\/lacompagniadelcastellobracciano\/\" \/>\n<meta property=\"article:modified_time\" content=\"2026-04-03T13:49:21+00:00\" \/>\n<meta name=\"twitter:card\" content=\"summary_large_image\" \/>\n<meta name=\"twitter:label1\" content=\"Tempo di lettura stimato\" \/>\n\t<meta name=\"twitter:data1\" content=\"2 minuti\" \/>\n<script type=\"application\/ld+json\" class=\"yoast-schema-graph\">{\"@context\":\"https:\\\/\\\/schema.org\",\"@graph\":[{\"@type\":\"WebPage\",\"@id\":\"https:\\\/\\\/compagniacastello.it\\\/index.php\\\/rievocazione-storica-eventi-lazio\\\/\",\"url\":\"https:\\\/\\\/compagniacastello.it\\\/index.php\\\/rievocazione-storica-eventi-lazio\\\/\",\"name\":\"Rievocazione Storica per Eventi nel Lazio | Compagnia del Castello\",\"isPartOf\":{\"@id\":\"https:\\\/\\\/compagniacastello.it\\\/#website\"},\"datePublished\":\"2026-04-02T16:31:41+00:00\",\"dateModified\":\"2026-04-03T13:49:21+00:00\",\"description\":\"Rievocazione storica eventi Lazio: accampamento medievale, arcieri e figure in costume per fiere, sagre e comuni. Richiedi un preventivo.\",\"breadcrumb\":{\"@id\":\"https:\\\/\\\/compagniacastello.it\\\/index.php\\\/rievocazione-storica-eventi-lazio\\\/#breadcrumb\"},\"inLanguage\":\"it-IT\",\"potentialAction\":[{\"@type\":\"ReadAction\",\"target\":[\"https:\\\/\\\/compagniacastello.it\\\/index.php\\\/rievocazione-storica-eventi-lazio\\\/\"]}]},{\"@type\":\"BreadcrumbList\",\"@id\":\"https:\\\/\\\/compagniacastello.it\\\/index.php\\\/rievocazione-storica-eventi-lazio\\\/#breadcrumb\",\"itemListElement\":[{\"@type\":\"ListItem\",\"position\":1,\"name\":\"Home\",\"item\":\"https:\\\/\\\/compagniacastello.it\\\/\"},{\"@type\":\"ListItem\",\"position\":2,\"name\":\"Servizi per Eventi\"}]},{\"@type\":\"WebSite\",\"@id\":\"https:\\\/\\\/compagniacastello.it\\\/#website\",\"url\":\"https:\\\/\\\/compagniacastello.it\\\/\",\"name\":\"La Compagnia del Castello - Rievocazione Storica Medievale\",\"description\":\"Associazione di rievocazione storica medievale a Bracciano\",\"publisher\":{\"@id\":\"https:\\\/\\\/compagniacastello.it\\\/#organization\"},\"potentialAction\":[{\"@type\":\"SearchAction\",\"target\":{\"@type\":\"EntryPoint\",\"urlTemplate\":\"https:\\\/\\\/compagniacastello.it\\\/?s={search_term_string}\"},\"query-input\":{\"@type\":\"PropertyValueSpecification\",\"valueRequired\":true,\"valueName\":\"search_term_string\"}}],\"inLanguage\":\"it-IT\"},{\"@type\":\"Organization\",\"@id\":\"https:\\\/\\\/compagniacastello.it\\\/#organization\",\"name\":\"La Compagnia del Castello - Rievocazione Storica Medievale\",\"url\":\"https:\\\/\\\/compagniacastello.it\\\/\",\"logo\":{\"@type\":\"ImageObject\",\"inLanguage\":\"it-IT\",\"@id\":\"https:\\\/\\\/compagniacastello.it\\\/#\\\/schema\\\/logo\\\/image\\\/\",\"url\":\"https:\\\/\\\/compagniacastello.it\\\/wp-content\\\/uploads\\\/2026\\\/04\\\/logosito.png\",\"contentUrl\":\"https:\\\/\\\/compagniacastello.it\\\/wp-content\\\/uploads\\\/2026\\\/04\\\/logosito.png\",\"width\":530,\"height\":308,\"caption\":\"La Compagnia del Castello - Rievocazione Storica Medievale\"},\"image\":{\"@id\":\"https:\\\/\\\/compagniacastello.it\\\/#\\\/schema\\\/logo\\\/image\\\/\"},\"sameAs\":[\"https:\\\/\\\/www.facebook.com\\\/lacompagniadelcastellobracciano\\\/\",\"https:\\\/\\\/www.instagram.com\\\/la.compagnia.del.castello\"]}]}<\/script>\n<!-- \/ Yoast SEO plugin. -->","yoast_head_json":{"title":"Rievocazione Storica per Eventi nel Lazio | Compagnia del Castello","description":"Rievocazione storica eventi Lazio: accampamento medievale, arcieri e figure in costume per fiere, sagre e comuni. Richiedi un preventivo.","robots":{"index":"index","follow":"follow","max-snippet":"max-snippet:-1","max-image-preview":"max-image-preview:large","max-video-preview":"max-video-preview:-1"},"canonical":"https:\/\/compagniacastello.it\/index.php\/rievocazione-storica-eventi-lazio\/","og_locale":"it_IT","og_type":"article","og_title":"Rievocazione Storica per Eventi nel Lazio | Compagnia del Castello","og_description":"Rievocazione storica eventi Lazio: accampamento medievale, arcieri e figure in costume per fiere, sagre e comuni. Richiedi un preventivo.","og_url":"https:\/\/compagniacastello.it\/index.php\/rievocazione-storica-eventi-lazio\/","og_site_name":"La Compagnia del Castello - Rievocazione Storica Medievale","article_publisher":"https:\/\/www.facebook.com\/lacompagniadelcastellobracciano\/","article_modified_time":"2026-04-03T13:49:21+00:00","twitter_card":"summary_large_image","twitter_misc":{"Tempo di lettura stimato":"2 minuti"},"schema":{"@context":"https:\/\/schema.org","@graph":[{"@type":"WebPage","@id":"https:\/\/compagniacastello.it\/index.php\/rievocazione-storica-eventi-lazio\/","url":"https:\/\/compagniacastello.it\/index.php\/rievocazione-storica-eventi-lazio\/","name":"Rievocazione Storica per Eventi nel Lazio | Compagnia del Castello","isPartOf":{"@id":"https:\/\/compagniacastello.it\/#website"},"datePublished":"2026-04-02T16:31:41+00:00","dateModified":"2026-04-03T13:49:21+00:00","description":"Rievocazione storica eventi Lazio: accampamento medievale, arcieri e figure in costume per fiere, sagre e comuni. Richiedi un preventivo.","breadcrumb":{"@id":"https:\/\/compagniacastello.it\/index.php\/rievocazione-storica-eventi-lazio\/#breadcrumb"},"inLanguage":"it-IT","potentialAction":[{"@type":"ReadAction","target":["https:\/\/compagniacastello.it\/index.php\/rievocazione-storica-eventi-lazio\/"]}]},{"@type":"BreadcrumbList","@id":"https:\/\/compagniacastello.it\/index.php\/rievocazione-storica-eventi-lazio\/#breadcrumb","itemListElement":[{"@type":"ListItem","position":1,"name":"Home","item":"https:\/\/compagniacastello.it\/"},{"@type":"ListItem","position":2,"name":"Servizi per Eventi"}]},{"@type":"WebSite","@id":"https:\/\/compagniacastello.it\/#website","url":"https:\/\/compagniacastello.it\/","name":"La Compagnia del Castello - Rievocazione Storica Medievale","description":"Associazione di rievocazione storica medievale a Bracciano","publisher":{"@id":"https:\/\/compagniacastello.it\/#organization"},"potentialAction":[{"@type":"SearchAction","target":{"@type":"EntryPoint","urlTemplate":"https:\/\/compagniacastello.it\/?s={search_term_string}"},"query-input":{"@type":"PropertyValueSpecification","valueRequired":true,"valueName":"search_term_string"}}],"inLanguage":"it-IT"},{"@type":"Organization","@id":"https:\/\/compagniacastello.it\/#organization","name":"La Compagnia del Castello - Rievocazione Storica Medievale","url":"https:\/\/compagniacastello.it\/","logo":{"@type":"ImageObject","inLanguage":"it-IT","@id":"https:\/\/compagniacastello.it\/#\/schema\/logo\/image\/","url":"https:\/\/compagniacastello.it\/wp-content\/uploads\/2026\/04\/logosito.png","contentUrl":"https:\/\/compagniacastello.it\/wp-content\/uploads\/2026\/04\/logosito.png","width":530,"height":308,"caption":"La Compagnia del Castello - Rievocazione Storica Medievale"},"image":{"@id":"https:\/\/compagniacastello.it\/#\/schema\/logo\/image\/"},"sameAs":["https:\/\/www.facebook.com\/lacompagniadelcastellobracciano\/","https:\/\/www.instagram.com\/la.compagnia.del.castello"]}]}},"_links":{"self":[{"href":"https:\/\/compagniacastello.it\/index.php\/wp-json\/wp\/v2\/pages\/667","targetHints":{"allow":["GET"]}}],"collection":[{"href":"https:\/\/compagniacastello.it\/index.php\/wp-json\/wp\/v2\/pages"}],"about":[{"href":"https:\/\/compagniacastello.it\/index.php\/wp-json\/wp\/v2\/types\/page"}],"author":[{"embeddable":true,"href":"https:\/\/compagniacastello.it\/index.php\/wp-json\/wp\/v2\/users\/1"}],"replies":[{"embeddable":true,"href":"https:\/\/compagniacastello.it\/index.php\/wp-json\/wp\/v2\/comments?post=667"}],"version-history":[{"count":100,"href":"https:\/\/compagniacastello.it\/index.php\/wp-json\/wp\/v2\/pages\/667\/revisions"}],"predecessor-version":[{"id":1014,"href":"https:\/\/compagniacastello.it\/index.php\/wp-json\/wp\/v2\/pages\/667\/revisions\/1014"}],"wp:attachment":[{"href":"https:\/\/compagniacastello.it\/index.php\/wp-json\/wp\/v2\/media?parent=667"}],"curies":[{"name":"wp","href":"https:\/\/api.w.org\/{rel}","templated":true}]}}